{"id":1292,"date":"2021-06-14T17:15:00","date_gmt":"2021-06-14T17:15:00","guid":{"rendered":"https:\/\/cepos.com.mx\/?post_type=product&#038;p=1292"},"modified":"2021-06-14T17:15:01","modified_gmt":"2021-06-14T17:15:01","slug":"s-250ml-solucion-podologica-refrescante-pina-colada","status":"publish","type":"product","link":"https:\/\/cepos.com.mx\/ceposlab\/producto\/s-250ml-solucion-podologica-refrescante-pina-colada\/","title":{"rendered":"S   250ml SOLUCI\u00d3N PODOL\u00d3GICA REFRESCANTE (pi\u00f1a colada)"},"content":{"rendered":"","protected":false},"excerpt":{"rendered":"<p>Soluci\u00f3n podol\u00f3gica refrescante, para pies cansados, dolorosos y mal olor<\/p>\n","protected":false},"featured_media":0,"template":"","meta":{"_et_pb_use_builder":"","_et_pb_old_content":"","_et_gb_content_width":""},"product_brand":[],"product_cat":[51],"product_tag":[],"class_list":{"0":"post-1292","1":"product","2":"type-product","3":"status-publish","5":"product_cat-solucion-podologica","7":"first","8":"instock","9":"shipping-taxable","10":"purchasable","11":"product-type-simple"},"_links":{"self":[{"href":"https:\/\/cepos.com.mx\/ceposlab\/wp-json\/wp\/v2\/product\/1292","targetHints":{"allow":["GET"]}}],"collection":[{"href":"https:\/\/cepos.com.mx\/ceposlab\/wp-json\/wp\/v2\/product"}],"about":[{"href":"https:\/\/cepos.com.mx\/ceposlab\/wp-json\/wp\/v2\/types\/product"}],"wp:attachment":[{"href":"https:\/\/cepos.com.mx\/ceposlab\/wp-json\/wp\/v2\/media?parent=1292"}],"wp:term":[{"taxonomy":"product_brand","embeddable":true,"href":"https:\/\/cepos.com.mx\/ceposlab\/wp-json\/wp\/v2\/product_brand?post=1292"},{"taxonomy":"product_cat","embeddable":true,"href":"https:\/\/cepos.com.mx\/ceposlab\/wp-json\/wp\/v2\/product_cat?post=1292"},{"taxonomy":"product_tag","embeddable":true,"href":"https:\/\/cepos.com.mx\/ceposlab\/wp-json\/wp\/v2\/product_tag?post=1292"}],"curies":[{"name":"wp","href":"https:\/\/api.w.org\/{rel}","templated":true}]}}