{"id":1285,"date":"2021-06-14T17:08:54","date_gmt":"2021-06-14T17:08:54","guid":{"rendered":"https:\/\/cepos.com.mx\/?post_type=product&#038;p=1285"},"modified":"2021-07-02T18:27:30","modified_gmt":"2021-07-02T18:27:30","slug":"s-1lt-solucion-podologica-refrescante-canela","status":"publish","type":"product","link":"https:\/\/cepos.com.mx\/ceposlab\/producto\/s-1lt-solucion-podologica-refrescante-canela\/","title":{"rendered":"S   1LT SOLUCI\u00d3N PODOL\u00d3GICA REFRESCANTE (Canela)"},"content":{"rendered":"","protected":false},"excerpt":{"rendered":"<p>Soluci\u00f3n podol\u00f3gica refrescante, para pies cansados, dolorosos y mal olor<\/p>\n","protected":false},"featured_media":1335,"template":"","meta":{"_et_pb_use_builder":"","_et_pb_old_content":"","_et_gb_content_width":""},"product_brand":[],"product_cat":[51],"product_tag":[],"class_list":{"0":"post-1285","1":"product","2":"type-product","3":"status-publish","4":"has-post-thumbnail","6":"product_cat-solucion-podologica","8":"first","9":"instock","10":"shipping-taxable","11":"purchasable","12":"product-type-simple"},"_links":{"self":[{"href":"https:\/\/cepos.com.mx\/ceposlab\/wp-json\/wp\/v2\/product\/1285","targetHints":{"allow":["GET"]}}],"collection":[{"href":"https:\/\/cepos.com.mx\/ceposlab\/wp-json\/wp\/v2\/product"}],"about":[{"href":"https:\/\/cepos.com.mx\/ceposlab\/wp-json\/wp\/v2\/types\/product"}],"wp:featuredmedia":[{"embeddable":true,"href":"https:\/\/cepos.com.mx\/ceposlab\/wp-json\/wp\/v2\/media\/1335"}],"wp:attachment":[{"href":"https:\/\/cepos.com.mx\/ceposlab\/wp-json\/wp\/v2\/media?parent=1285"}],"wp:term":[{"taxonomy":"product_brand","embeddable":true,"href":"https:\/\/cepos.com.mx\/ceposlab\/wp-json\/wp\/v2\/product_brand?post=1285"},{"taxonomy":"product_cat","embeddable":true,"href":"https:\/\/cepos.com.mx\/ceposlab\/wp-json\/wp\/v2\/product_cat?post=1285"},{"taxonomy":"product_tag","embeddable":true,"href":"https:\/\/cepos.com.mx\/ceposlab\/wp-json\/wp\/v2\/product_tag?post=1285"}],"curies":[{"name":"wp","href":"https:\/\/api.w.org\/{rel}","templated":true}]}}