{"id":1272,"date":"2021-06-14T16:37:10","date_gmt":"2021-06-14T16:37:10","guid":{"rendered":"https:\/\/cepos.com.mx\/?post_type=product&#038;p=1272"},"modified":"2021-07-02T20:36:24","modified_gmt":"2021-07-02T20:36:24","slug":"fd-15-ml-fungicida-p-diabetico","status":"publish","type":"product","link":"https:\/\/cepos.com.mx\/ceposlab\/producto\/fd-15-ml-fungicida-p-diabetico\/","title":{"rendered":"FD 15 ML FUNGICIDA P\/DIABETICO"},"content":{"rendered":"","protected":false},"excerpt":{"rendered":"<p>Soluci\u00f3n coadyuvante para hongos de u\u00f1as en diab\u00e9ticos<\/p>\n","protected":false},"featured_media":1362,"template":"","meta":{"_et_pb_use_builder":"","_et_pb_old_content":"","_et_gb_content_width":""},"product_brand":[],"product_cat":[25],"product_tag":[],"class_list":{"0":"post-1272","1":"product","2":"type-product","3":"status-publish","4":"has-post-thumbnail","6":"product_cat-cremas-hidratantes-lubricantes","8":"first","9":"instock","10":"shipping-taxable","11":"purchasable","12":"product-type-simple"},"_links":{"self":[{"href":"https:\/\/cepos.com.mx\/ceposlab\/wp-json\/wp\/v2\/product\/1272","targetHints":{"allow":["GET"]}}],"collection":[{"href":"https:\/\/cepos.com.mx\/ceposlab\/wp-json\/wp\/v2\/product"}],"about":[{"href":"https:\/\/cepos.com.mx\/ceposlab\/wp-json\/wp\/v2\/types\/product"}],"wp:featuredmedia":[{"embeddable":true,"href":"https:\/\/cepos.com.mx\/ceposlab\/wp-json\/wp\/v2\/media\/1362"}],"wp:attachment":[{"href":"https:\/\/cepos.com.mx\/ceposlab\/wp-json\/wp\/v2\/media?parent=1272"}],"wp:term":[{"taxonomy":"product_brand","embeddable":true,"href":"https:\/\/cepos.com.mx\/ceposlab\/wp-json\/wp\/v2\/product_brand?post=1272"},{"taxonomy":"product_cat","embeddable":true,"href":"https:\/\/cepos.com.mx\/ceposlab\/wp-json\/wp\/v2\/product_cat?post=1272"},{"taxonomy":"product_tag","embeddable":true,"href":"https:\/\/cepos.com.mx\/ceposlab\/wp-json\/wp\/v2\/product_tag?post=1272"}],"curies":[{"name":"wp","href":"https:\/\/api.w.org\/{rel}","templated":true}]}}